{"id":427,"date":"2021-11-15T16:46:06","date_gmt":"2021-11-15T16:46:06","guid":{"rendered":"https:\/\/virtus.edu.al\/?page_id=427"},"modified":"2025-02-26T11:03:46","modified_gmt":"2025-02-26T10:03:46","slug":"staff","status":"publish","type":"page","link":"https:\/\/virtus.edu.al\/en\/staff\/","title":{"rendered":"Staff"},"content":{"rendered":"<div data-elementor-type=\"wp-page\" data-elementor-id=\"427\" class=\"elementor elementor-427\" data-elementor-post-type=\"page\">\n\t\t\t\t\t\t<section class=\"elementor-section elementor-top-section elementor-element elementor-element-bec75c6 elementor-section-boxed elementor-section-height-default elementor-section-height-default\" data-id=\"bec75c6\" data-element_type=\"section\">\n\t\t\t\t\t\t<div class=\"elementor-container elementor-column-gap-default\">\n\t\t\t\t\t<div class=\"elementor-column elementor-col-100 elementor-top-column elementor-element elementor-element-e39a33b\" data-id=\"e39a33b\" data-element_type=\"column\">\n\t\t\t<div class=\"elementor-widget-wrap elementor-element-populated\">\n\t\t\t\t\t\t<div class=\"elementor-element elementor-element-565778c elementor-widget elementor-widget-spacer\" data-id=\"565778c\" data-element_type=\"widget\" data-widget_type=\"spacer.default\">\n\t\t\t\t<div class=\"elementor-widget-container\">\n\t\t\t\t\t<div class=\"elementor-spacer\">\n\t\t\t<div class=\"elementor-spacer-inner\"><\/div>\n\t\t<\/div>\n\t\t\t\t<\/div>\n\t\t\t\t<\/div>\n\t\t\t\t\t<\/div>\n\t\t<\/div>\n\t\t\t\t\t<\/div>\n\t\t<\/section>\n\t\t\t\t<section class=\"elementor-section elementor-top-section elementor-element elementor-element-8c0b76c elementor-section-boxed elementor-section-height-default elementor-section-height-default\" data-id=\"8c0b76c\" data-element_type=\"section\">\n\t\t\t\t\t\t<div class=\"elementor-container elementor-column-gap-default\">\n\t\t\t\t\t<div class=\"elementor-column elementor-col-100 elementor-top-column elementor-element elementor-element-35d2d9f0\" data-id=\"35d2d9f0\" data-element_type=\"column\">\n\t\t\t<div class=\"elementor-widget-wrap elementor-element-populated\">\n\t\t\t\t\t\t<section class=\"elementor-section elementor-inner-section elementor-element elementor-element-6b91f00 elementor-section-boxed elementor-section-height-default elementor-section-height-default\" data-id=\"6b91f00\" data-element_type=\"section\">\n\t\t\t\t\t\t<div class=\"elementor-container elementor-column-gap-default\">\n\t\t\t\t\t<div class=\"elementor-column elementor-col-50 elementor-inner-column elementor-element elementor-element-6452adb\" data-id=\"6452adb\" data-element_type=\"column\">\n\t\t\t<div class=\"elementor-widget-wrap elementor-element-populated\">\n\t\t\t\t\t\t<div class=\"elementor-element elementor-element-7f1c121 elementor-widget elementor-widget-heading\" data-id=\"7f1c121\" data-element_type=\"widget\" data-widget_type=\"heading.default\">\n\t\t\t\t<div class=\"elementor-widget-container\">\n\t\t\t<h1 class=\"elementor-heading-title elementor-size-default\">Adrian Na\u00e7o<\/h1>\t\t<\/div>\n\t\t\t\t<\/div>\n\t\t\t\t<div class=\"elementor-element elementor-element-5cbcd5f elementor-widget elementor-widget-text-editor\" data-id=\"5cbcd5f\" data-element_type=\"widget\" data-widget_type=\"text-editor.default\">\n\t\t\t\t<div class=\"elementor-widget-container\">\n\t\t\t\t\t\t\t<p><span style=\"font-weight: 400;\">Profesor Adrian Na<\/span><span style=\"font-weight: 400;\">\u00e7<\/span><span style=\"font-weight: 400;\">Professor Adrian Na\u00e7o, academic director at Virtus, prepares students for basic and advanced mathematics courses. With a rich experience in training students for National and International Olympics, every year prof.<\/span>Adrian prepares the Albanian national team for the Mathematics Olympiad that participates in the IMO (International Math Olympiad).<\/p><p>The students of this team, with whom Professor Adriani works a lot, are every year winners from Albania of the most prestigious universities in the world, MIT, Harvard, Oxford, etc.!<\/p>\t\t\t\t\t\t<\/div>\n\t\t\t\t<\/div>\n\t\t\t\t\t<\/div>\n\t\t<\/div>\n\t\t\t\t<div class=\"elementor-column elementor-col-50 elementor-inner-column elementor-element elementor-element-2972e52\" data-id=\"2972e52\" data-element_type=\"column\">\n\t\t\t<div class=\"elementor-widget-wrap elementor-element-populated\">\n\t\t\t\t\t\t<div class=\"elementor-element elementor-element-832ea71 elementor-widget elementor-widget-image\" data-id=\"832ea71\" data-element_type=\"widget\" data-widget_type=\"image.default\">\n\t\t\t\t<div class=\"elementor-widget-container\">\n\t\t\t\t\t\t\t\t\t\t\t\t\t<img fetchpriority=\"high\" decoding=\"async\" width=\"1024\" height=\"576\" src=\"https:\/\/virtus.edu.al\/wp-content\/uploads\/2023\/12\/prof-web-foto-100-1024x576.jpg\" class=\"attachment-large size-large wp-image-2439\" alt=\"\" srcset=\"https:\/\/virtus.edu.al\/wp-content\/uploads\/2023\/12\/prof-web-foto-100-1024x576.jpg 1024w, https:\/\/virtus.edu.al\/wp-content\/uploads\/2023\/12\/prof-web-foto-100-300x169.jpg 300w, https:\/\/virtus.edu.al\/wp-content\/uploads\/2023\/12\/prof-web-foto-100-768x432.jpg 768w, https:\/\/virtus.edu.al\/wp-content\/uploads\/2023\/12\/prof-web-foto-100-1536x864.jpg 1536w, https:\/\/virtus.edu.al\/wp-content\/uploads\/2023\/12\/prof-web-foto-100-18x10.jpg 18w, https:\/\/virtus.edu.al\/wp-content\/uploads\/2023\/12\/prof-web-foto-100.jpg 1920w\" sizes=\"(max-width: 1024px) 100vw, 1024px\" \/>\t\t\t\t\t\t\t\t\t\t\t\t\t<\/div>\n\t\t\t\t<\/div>\n\t\t\t\t\t<\/div>\n\t\t<\/div>\n\t\t\t\t\t<\/div>\n\t\t<\/section>\n\t\t\t\t\t<\/div>\n\t\t<\/div>\n\t\t\t\t\t<\/div>\n\t\t<\/section>\n\t\t\t\t<\/div>","protected":false},"excerpt":{"rendered":"<p>Adrian Na\u00e7o Profesor Adrian Na\u00e7o, drejtor akademik n\u00eb Virtus, p\u00ebrgatit nx\u00ebn\u00ebsit p\u00ebr l\u00ebnd\u00ebt e matematik\u00ebs baz\u00eb dhe t\u00eb avancuar. Me nj\u00eb p\u00ebrvoj\u00eb t\u00eb pasur n\u00eb trajnimin e nx\u00ebn\u00ebsve t\u00eb Olimpiadave Komb\u00ebtare dhe Nd\u00ebrkomb\u00ebtare, \u00e7do vit prof.Adriani p\u00ebrgatit ekipin komb\u00ebtar shqiptar t\u00eb Olimpiad\u00ebs s\u00eb Matematik\u00ebs t\u00eb cil\u00ebt marrin pjes\u00eb n\u00eb IMO (International Math Olympiad). Nx\u00ebn\u00ebs nga [&hellip;]<\/p>","protected":false},"author":5,"featured_media":0,"parent":0,"menu_order":0,"comment_status":"closed","ping_status":"closed","template":"","meta":{"_monsterinsights_skip_tracking":false,"_monsterinsights_sitenote_active":false,"_monsterinsights_sitenote_note":"","_monsterinsights_sitenote_category":0,"ocean_post_layout":"","ocean_both_sidebars_style":"","ocean_both_sidebars_content_width":0,"ocean_both_sidebars_sidebars_width":0,"ocean_sidebar":"0","ocean_second_sidebar":"0","ocean_disable_margins":"enable","ocean_add_body_class":"","ocean_shortcode_before_top_bar":"","ocean_shortcode_after_top_bar":"","ocean_shortcode_before_header":"","ocean_shortcode_after_header":"","ocean_has_shortcode":"","ocean_shortcode_after_title":"","ocean_shortcode_before_footer_widgets":"","ocean_shortcode_after_footer_widgets":"","ocean_shortcode_before_footer_bottom":"","ocean_shortcode_after_footer_bottom":"","ocean_display_top_bar":"off","ocean_display_header":"on","ocean_header_style":"minimal","ocean_center_header_left_menu":"0","ocean_custom_header_template":"0","ocean_custom_logo":248,"ocean_custom_retina_logo":0,"ocean_custom_logo_max_width":0,"ocean_custom_logo_tablet_max_width":0,"ocean_custom_logo_mobile_max_width":0,"ocean_custom_logo_max_height":0,"ocean_custom_logo_tablet_max_height":0,"ocean_custom_logo_mobile_max_height":0,"ocean_header_custom_menu":"0","ocean_menu_typo_font_family":"0","ocean_menu_typo_font_subset":"","ocean_menu_typo_font_size":0,"ocean_menu_typo_font_size_tablet":0,"ocean_menu_typo_font_size_mobile":0,"ocean_menu_typo_font_size_unit":"px","ocean_menu_typo_font_weight":"","ocean_menu_typo_font_weight_tablet":"","ocean_menu_typo_font_weight_mobile":"","ocean_menu_typo_transform":"","ocean_menu_typo_transform_tablet":"","ocean_menu_typo_transform_mobile":"","ocean_menu_typo_line_height":0,"ocean_menu_typo_line_height_tablet":0,"ocean_menu_typo_line_height_mobile":0,"ocean_menu_typo_line_height_unit":"","ocean_menu_typo_spacing":0,"ocean_menu_typo_spacing_tablet":0,"ocean_menu_typo_spacing_mobile":0,"ocean_menu_typo_spacing_unit":"","ocean_menu_link_color":"#000000","ocean_menu_link_color_hover":"","ocean_menu_link_color_active":"","ocean_menu_link_background":"","ocean_menu_link_hover_background":"","ocean_menu_link_active_background":"","ocean_menu_social_links_bg":"","ocean_menu_social_hover_links_bg":"","ocean_menu_social_links_color":"","ocean_menu_social_hover_links_color":"","ocean_disable_title":"on","ocean_disable_heading":"default","ocean_post_title":"","ocean_post_subheading":"","ocean_post_title_style":"","ocean_post_title_background_color":"","ocean_post_title_background":0,"ocean_post_title_bg_image_position":"","ocean_post_title_bg_image_attachment":"","ocean_post_title_bg_image_repeat":"","ocean_post_title_bg_image_size":"","ocean_post_title_height":0,"ocean_post_title_bg_overlay":0.5,"ocean_post_title_bg_overlay_color":"","ocean_disable_breadcrumbs":"default","ocean_breadcrumbs_color":"","ocean_breadcrumbs_separator_color":"","ocean_breadcrumbs_links_color":"","ocean_breadcrumbs_links_hover_color":"","ocean_display_footer_widgets":"default","ocean_display_footer_bottom":"default","ocean_custom_footer_template":"0","footnotes":""},"class_list":["post-427","page","type-page","status-publish","hentry","entry"],"_links":{"self":[{"href":"https:\/\/virtus.edu.al\/en\/wp-json\/wp\/v2\/pages\/427","targetHints":{"allow":["GET"]}}],"collection":[{"href":"https:\/\/virtus.edu.al\/en\/wp-json\/wp\/v2\/pages"}],"about":[{"href":"https:\/\/virtus.edu.al\/en\/wp-json\/wp\/v2\/types\/page"}],"author":[{"embeddable":true,"href":"https:\/\/virtus.edu.al\/en\/wp-json\/wp\/v2\/users\/5"}],"replies":[{"embeddable":true,"href":"https:\/\/virtus.edu.al\/en\/wp-json\/wp\/v2\/comments?post=427"}],"version-history":[{"count":108,"href":"https:\/\/virtus.edu.al\/en\/wp-json\/wp\/v2\/pages\/427\/revisions"}],"predecessor-version":[{"id":2951,"href":"https:\/\/virtus.edu.al\/en\/wp-json\/wp\/v2\/pages\/427\/revisions\/2951"}],"wp:attachment":[{"href":"https:\/\/virtus.edu.al\/en\/wp-json\/wp\/v2\/media?parent=427"}],"curies":[{"name":"wp","href":"https:\/\/api.w.org\/{rel}","templated":true}]}}