{"id":2748,"date":"2024-09-13T15:01:49","date_gmt":"2024-09-13T13:01:49","guid":{"rendered":"https:\/\/virtus.edu.al\/?page_id=2748"},"modified":"2024-09-13T16:22:04","modified_gmt":"2024-09-13T14:22:04","slug":"panairi-future2tech","status":"publish","type":"page","link":"https:\/\/virtus.edu.al\/en\/panairi-future2tech\/","title":{"rendered":"Panairi Future2Tech"},"content":{"rendered":"<div data-elementor-type=\"wp-page\" data-elementor-id=\"2748\" class=\"elementor elementor-2748\" data-elementor-post-type=\"page\">\n\t\t\t\t\t\t<section class=\"elementor-section elementor-top-section elementor-element elementor-element-3b85302 elementor-section-boxed elementor-section-height-default elementor-section-height-default\" data-id=\"3b85302\" data-element_type=\"section\">\n\t\t\t\t\t\t<div class=\"elementor-container elementor-column-gap-default\">\n\t\t\t\t\t<div class=\"elementor-column elementor-col-100 elementor-top-column elementor-element elementor-element-3930d01\" data-id=\"3930d01\" data-element_type=\"column\">\n\t\t\t<div class=\"elementor-widget-wrap elementor-element-populated\">\n\t\t\t\t\t\t<div class=\"elementor-element elementor-element-d8acc98 elementor-widget elementor-widget-spacer\" data-id=\"d8acc98\" data-element_type=\"widget\" data-widget_type=\"spacer.default\">\n\t\t\t\t<div class=\"elementor-widget-container\">\n\t\t\t\t\t<div class=\"elementor-spacer\">\n\t\t\t<div class=\"elementor-spacer-inner\"><\/div>\n\t\t<\/div>\n\t\t\t\t<\/div>\n\t\t\t\t<\/div>\n\t\t\t\t\t<\/div>\n\t\t<\/div>\n\t\t\t\t\t<\/div>\n\t\t<\/section>\n\t\t\t\t<section class=\"elementor-section elementor-top-section elementor-element elementor-element-f383722 elementor-section-boxed elementor-section-height-default elementor-section-height-default\" data-id=\"f383722\" data-element_type=\"section\">\n\t\t\t\t\t\t<div class=\"elementor-container elementor-column-gap-default\">\n\t\t\t\t\t<div class=\"elementor-column elementor-col-50 elementor-top-column elementor-element elementor-element-ca75b21\" data-id=\"ca75b21\" data-element_type=\"column\">\n\t\t\t<div class=\"elementor-widget-wrap elementor-element-populated\">\n\t\t\t\t\t\t<div class=\"elementor-element elementor-element-70c9c2d elementor-hidden-mobile elementor-widget elementor-widget-heading\" data-id=\"70c9c2d\" data-element_type=\"widget\" data-widget_type=\"heading.default\">\n\t\t\t\t<div class=\"elementor-widget-container\">\n\t\t\t<h2 class=\"elementor-heading-title elementor-size-default\">Future2Tech<\/h2>\t\t<\/div>\n\t\t\t\t<\/div>\n\t\t\t\t<div class=\"elementor-element elementor-element-8de5f3c elementor-hidden-desktop elementor-widget elementor-widget-heading\" data-id=\"8de5f3c\" data-element_type=\"widget\" data-widget_type=\"heading.default\">\n\t\t\t\t<div class=\"elementor-widget-container\">\n\t\t\t<h2 class=\"elementor-heading-title elementor-size-default\">Future2Tech<\/h2>\t\t<\/div>\n\t\t\t\t<\/div>\n\t\t\t\t<div class=\"elementor-element elementor-element-5f0a3a7 elementor-widget elementor-widget-text-editor\" data-id=\"5f0a3a7\" data-element_type=\"widget\" data-widget_type=\"text-editor.default\">\n\t\t\t\t<div class=\"elementor-widget-container\">\n\t\t\t\t\t\t\t<p><span style=\"font-weight: 400;\">Virtus Excellence Training Centre <\/span><span style=\"font-weight: 400;\">\u00eb<\/span><span style=\"font-weight: 400;\">sht<\/span><span style=\"font-weight: 400;\">\u00eb<\/span><span style=\"font-weight: 400;\"> e par<\/span><span style=\"font-weight: 400;\">a dhe e vetmja qend\u00ebr<\/span><span style=\"font-weight: 400;\"> edukimi n<\/span><span style=\"font-weight: 400;\">\u00eb<\/span><span style=\"font-weight: 400;\"> Shqip<\/span><span style=\"font-weight: 400;\">\u00eb<\/span><span style=\"font-weight: 400;\">ri me programe nd\u00ebrkomb\u00ebtare t\u00eb cilat i p<\/span><span style=\"font-weight: 400;\">\u00eb<\/span><span style=\"font-weight: 400;\">rgatisin nx<\/span><span style=\"font-weight: 400;\">\u00eb<\/span><span style=\"font-weight: 400;\">n<\/span><span style=\"font-weight: 400;\">\u00eb<\/span><span style=\"font-weight: 400;\">sit ekselent\u00eb dhe t\u00eb rinjt\u00eb ambicioz\u00eb p<\/span><span style=\"font-weight: 400;\">\u00eb<\/span><span style=\"font-weight: 400;\">r t\u00eb vijuar studimet n\u00eb universitetet m<\/span><span style=\"font-weight: 400;\">\u00eb<\/span><span style=\"font-weight: 400;\"> t<\/span><span style=\"font-weight: 400;\">\u00eb<\/span><span style=\"font-weight: 400;\"> mira n<\/span><span style=\"font-weight: 400;\">\u00eb<\/span><span style=\"font-weight: 400;\"> bot<\/span><span style=\"font-weight: 400;\">\u00eb<\/span><span style=\"font-weight: 400;\">.<\/span><\/p><p>This new academic year is full of opportunities and Virtus is here to support you every step of the way! We have two fantastic news for you:<br \/>Special offer: Bring a friend and both get extra DISCOUNT! <br \/>From foreign languages \u200b\u200bto exact sciences and preparatory programs for international certifications.<\/p><p>Visit us at Future2Tech on October 9 and 10! <br \/>Virtus will be part of this great event to present you new programs and exclusive offers. Register during the fair and get special bonuses!<\/p><p>Don't miss this opportunity!\u00a0<\/p><p>See you at Virtus and Future2Tech!<\/p>\t\t\t\t\t\t<\/div>\n\t\t\t\t<\/div>\n\t\t\t\t\t<\/div>\n\t\t<\/div>\n\t\t\t\t<div class=\"elementor-column elementor-col-50 elementor-top-column elementor-element elementor-element-5846c43\" data-id=\"5846c43\" data-element_type=\"column\">\n\t\t\t<div class=\"elementor-widget-wrap elementor-element-populated\">\n\t\t\t\t\t\t<div class=\"elementor-element elementor-element-eccae42 elementor-widget-tablet__width-initial elementor-widget elementor-widget-image\" data-id=\"eccae42\" data-element_type=\"widget\" data-widget_type=\"image.default\">\n\t\t\t\t<div class=\"elementor-widget-container\">\n\t\t\t\t\t\t\t\t\t\t\t\t\t<img fetchpriority=\"high\" decoding=\"async\" width=\"1076\" height=\"1080\" src=\"https:\/\/virtus.edu.al\/wp-content\/uploads\/2024\/09\/foto-kryesore-100-1-1.jpg\" class=\"attachment-full size-full wp-image-2770\" alt=\"\" srcset=\"https:\/\/virtus.edu.al\/wp-content\/uploads\/2024\/09\/foto-kryesore-100-1-1.jpg 1076w, https:\/\/virtus.edu.al\/wp-content\/uploads\/2024\/09\/foto-kryesore-100-1-1-300x300.jpg 300w, https:\/\/virtus.edu.al\/wp-content\/uploads\/2024\/09\/foto-kryesore-100-1-1-1020x1024.jpg 1020w, https:\/\/virtus.edu.al\/wp-content\/uploads\/2024\/09\/foto-kryesore-100-1-1-150x150.jpg 150w, https:\/\/virtus.edu.al\/wp-content\/uploads\/2024\/09\/foto-kryesore-100-1-1-768x771.jpg 768w, https:\/\/virtus.edu.al\/wp-content\/uploads\/2024\/09\/foto-kryesore-100-1-1-12x12.jpg 12w\" sizes=\"(max-width: 1076px) 100vw, 1076px\" \/>\t\t\t\t\t\t\t\t\t\t\t\t\t<\/div>\n\t\t\t\t<\/div>\n\t\t\t\t\t<\/div>\n\t\t<\/div>\n\t\t\t\t\t<\/div>\n\t\t<\/section>\n\t\t\t\t<section class=\"elementor-section elementor-top-section elementor-element elementor-element-8a13120 elementor-section-boxed elementor-section-height-default elementor-section-height-default\" data-id=\"8a13120\" data-element_type=\"section\" data-settings=\"{&quot;background_background&quot;:&quot;classic&quot;}\">\n\t\t\t\t\t\t\t<div class=\"elementor-background-overlay\"><\/div>\n\t\t\t\t\t\t\t<div class=\"elementor-container elementor-column-gap-default\">\n\t\t\t\t\t<div class=\"elementor-column elementor-col-100 elementor-top-column elementor-element elementor-element-4f713e0\" data-id=\"4f713e0\" data-element_type=\"column\">\n\t\t\t<div class=\"elementor-widget-wrap elementor-element-populated\">\n\t\t\t\t\t\t<section class=\"elementor-section elementor-inner-section elementor-element elementor-element-97960ca elementor-section-boxed elementor-section-height-default elementor-section-height-default\" data-id=\"97960ca\" data-element_type=\"section\">\n\t\t\t\t\t\t<div class=\"elementor-container elementor-column-gap-default\">\n\t\t\t\t\t<div class=\"elementor-column elementor-col-100 elementor-inner-column elementor-element elementor-element-4290d61\" data-id=\"4290d61\" data-element_type=\"column\">\n\t\t\t<div class=\"elementor-widget-wrap elementor-element-populated\">\n\t\t\t\t\t\t<div class=\"elementor-element elementor-element-e9468ab elementor-widget elementor-widget-heading\" data-id=\"e9468ab\" data-element_type=\"widget\" data-widget_type=\"heading.default\">\n\t\t\t\t<div class=\"elementor-widget-container\">\n\t\t\t<h2 class=\"elementor-heading-title elementor-size-default\">Contact us to register<\/h2>\t\t<\/div>\n\t\t\t\t<\/div>\n\t\t\t\t\t<\/div>\n\t\t<\/div>\n\t\t\t\t\t<\/div>\n\t\t<\/section>\n\t\t\t\t<section class=\"elementor-section elementor-inner-section elementor-element elementor-element-28c6780 elementor-section-boxed elementor-section-height-default elementor-section-height-default\" data-id=\"28c6780\" data-element_type=\"section\">\n\t\t\t\t\t\t<div class=\"elementor-container elementor-column-gap-default\">\n\t\t\t\t\t<div class=\"elementor-column elementor-col-33 elementor-inner-column elementor-element elementor-element-f749529\" data-id=\"f749529\" data-element_type=\"column\" data-settings=\"{&quot;background_background&quot;:&quot;classic&quot;}\">\n\t\t\t<div class=\"elementor-widget-wrap\">\n\t\t\t\t\t\t\t<\/div>\n\t\t<\/div>\n\t\t\t\t<div class=\"elementor-column elementor-col-33 elementor-inner-column elementor-element elementor-element-edc9bd9\" data-id=\"edc9bd9\" data-element_type=\"column\" data-settings=\"{&quot;background_background&quot;:&quot;classic&quot;}\">\n\t\t\t<div class=\"elementor-widget-wrap elementor-element-populated\">\n\t\t\t\t\t\t<div class=\"elementor-element elementor-element-4e5afb1 elementor-button-align-stretch elementor-widget elementor-widget-form\" data-id=\"4e5afb1\" data-element_type=\"widget\" data-settings=\"{&quot;step_next_label&quot;:&quot;Next&quot;,&quot;step_previous_label&quot;:&quot;Previous&quot;,&quot;button_width&quot;:&quot;100&quot;,&quot;step_type&quot;:&quot;number_text&quot;,&quot;step_icon_shape&quot;:&quot;circle&quot;}\" data-widget_type=\"form.default\">\n\t\t\t\t<div class=\"elementor-widget-container\">\n\t\t\t\t\t<form class=\"elementor-form\" method=\"post\" name=\"New Form\" action=\"\">\n\t\t\t<input type=\"hidden\" name=\"post_id\" value=\"2748\"\/>\n\t\t\t<input type=\"hidden\" name=\"form_id\" value=\"4e5afb1\"\/>\n\t\t\t<input type=\"hidden\" name=\"referer_title\" value=\"\" \/>\n\n\t\t\t\n\t\t\t<div class=\"elementor-form-fields-wrapper elementor-labels-above\">\n\t\t\t\t\t\t\t\t<div class=\"elementor-field-type-text elementor-field-group elementor-column elementor-field-group-name elementor-col-100\">\n\t\t\t\t\t\t\t\t\t\t\t\t<label for=\"form-field-name\" class=\"elementor-field-label\">\n\t\t\t\t\t\t\t\tEmer\t\t\t\t\t\t\t<\/label>\n\t\t\t\t\t\t\t\t\t\t\t\t\t\t<input size=\"1\" type=\"text\" name=\"form_fields[name]\" id=\"form-field-name\" class=\"elementor-field elementor-size-sm  elementor-field-textual\" placeholder=\"Name Surname\">\n\t\t\t\t\t\t\t\t\t\t\t<\/div>\n\t\t\t\t\t\t\t\t<div class=\"elementor-field-type-email elementor-field-group elementor-column elementor-field-group-email elementor-col-100 elementor-field-required\">\n\t\t\t\t\t\t\t\t\t\t\t\t<label for=\"form-field-email\" class=\"elementor-field-label\">\n\t\t\t\t\t\t\t\tEmail\t\t\t\t\t\t\t<\/label>\n\t\t\t\t\t\t\t\t\t\t\t\t\t\t<input size=\"1\" type=\"email\" name=\"form_fields[email]\" id=\"form-field-email\" class=\"elementor-field elementor-size-sm  elementor-field-textual\" placeholder=\"Email\" required=\"required\" aria-required=\"true\">\n\t\t\t\t\t\t\t\t\t\t\t<\/div>\n\t\t\t\t\t\t\t\t<div class=\"elementor-field-type-text elementor-field-group elementor-column elementor-field-group-field_bc61b99 elementor-col-100\">\n\t\t\t\t\t\t\t\t\t\t\t\t<label for=\"form-field-field_bc61b99\" class=\"elementor-field-label\">\n\t\t\t\t\t\t\t\tThe program you are interested in\t\t\t\t\t\t\t<\/label>\n\t\t\t\t\t\t\t\t\t\t\t\t\t\t<input size=\"1\" type=\"text\" name=\"form_fields[field_bc61b99]\" id=\"form-field-field_bc61b99\" class=\"elementor-field elementor-size-sm  elementor-field-textual\" placeholder=\"The program you are interested in\">\n\t\t\t\t\t\t\t\t\t\t\t<\/div>\n\t\t\t\t\t\t\t\t<div class=\"elementor-field-type-text elementor-field-group elementor-column elementor-field-group-field_d833522 elementor-col-50\">\n\t\t\t\t\t\t\t\t\t\t\t\t<label for=\"form-field-field_d833522\" class=\"elementor-field-label\">\n\t\t\t\t\t\t\t\tSchool\t\t\t\t\t\t\t<\/label>\n\t\t\t\t\t\t\t\t\t\t\t\t\t\t<input size=\"1\" type=\"text\" name=\"form_fields[field_d833522]\" id=\"form-field-field_d833522\" class=\"elementor-field elementor-size-sm  elementor-field-textual\" placeholder=\"School\">\n\t\t\t\t\t\t\t\t\t\t\t<\/div>\n\t\t\t\t\t\t\t\t<div class=\"elementor-field-type-text elementor-field-group elementor-column elementor-field-group-field_51ba226 elementor-col-50\">\n\t\t\t\t\t\t\t\t\t\t\t\t<label for=\"form-field-field_51ba226\" class=\"elementor-field-label\">\n\t\t\t\t\t\t\t\tGrade\t\t\t\t\t\t\t<\/label>\n\t\t\t\t\t\t\t\t\t\t\t\t\t\t<input size=\"1\" type=\"text\" name=\"form_fields[field_51ba226]\" id=\"form-field-field_51ba226\" class=\"elementor-field elementor-size-sm  elementor-field-textual\" placeholder=\"Grade\">\n\t\t\t\t\t\t\t\t\t\t\t<\/div>\n\t\t\t\t\t\t\t\t<div class=\"elementor-field-type-textarea elementor-field-group elementor-column elementor-field-group-message elementor-col-100\">\n\t\t\t\t\t\t\t\t\t\t\t\t<label for=\"form-field-message\" class=\"elementor-field-label\">\n\t\t\t\t\t\t\t\tYour Message\t\t\t\t\t\t\t<\/label>\n\t\t\t\t\t\t<textarea class=\"elementor-field-textual elementor-field  elementor-size-sm\" name=\"form_fields[message]\" id=\"form-field-message\" rows=\"4\" placeholder=\"Your Message\"><\/textarea>\t\t\t\t<\/div>\n\t\t\t\t\t\t\t\t<div class=\"elementor-field-group elementor-column elementor-field-type-submit elementor-col-100 e-form__buttons\">\n\t\t\t\t\t<button class=\"elementor-button elementor-size-sm\" type=\"submit\">\n\t\t\t\t\t\t<span class=\"elementor-button-content-wrapper\">\n\t\t\t\t\t\t\t\t\t\t\t\t\t\t\t\t\t\t\t\t\t\t<span class=\"elementor-button-text\">Send<\/span>\n\t\t\t\t\t\t\t\t\t\t\t\t\t<\/span>\n\t\t\t\t\t<\/button>\n\t\t\t\t<\/div>\n\t\t\t<\/div>\n\t\t<input type=\"hidden\" name=\"trp-form-language\" value=\"en\"\/><\/form>\n\t\t\t\t<\/div>\n\t\t\t\t<\/div>\n\t\t\t\t\t<\/div>\n\t\t<\/div>\n\t\t\t\t<div class=\"elementor-column elementor-col-33 elementor-inner-column elementor-element elementor-element-a6236c4\" data-id=\"a6236c4\" data-element_type=\"column\" data-settings=\"{&quot;background_background&quot;:&quot;classic&quot;}\">\n\t\t\t<div class=\"elementor-widget-wrap\">\n\t\t\t\t\t\t\t<\/div>\n\t\t<\/div>\n\t\t\t\t\t<\/div>\n\t\t<\/section>\n\t\t\t\t\t<\/div>\n\t\t<\/div>\n\t\t\t\t\t<\/div>\n\t\t<\/section>\n\t\t\t\t<\/div>","protected":false},"excerpt":{"rendered":"<p>Future2Tech Future2Tech Virtus Excellence Training Centre \u00ebsht\u00eb e para dhe e vetmja qend\u00ebr edukimi n\u00eb Shqip\u00ebri me programe nd\u00ebrkomb\u00ebtare t\u00eb cilat i p\u00ebrgatisin nx\u00ebn\u00ebsit ekselent\u00eb dhe t\u00eb rinjt\u00eb ambicioz\u00eb p\u00ebr t\u00eb vijuar studimet n\u00eb universitetet m\u00eb t\u00eb mira n\u00eb bot\u00eb. Ky vit i ri akademik \u00ebsht\u00eb plot mund\u00ebsi dhe Virtus \u00ebsht\u00eb k\u00ebtu p\u00ebr t&#8217;ju mb\u00ebshtetur [&hellip;]<\/p>","protected":false},"author":5,"featured_media":0,"parent":0,"menu_order":0,"comment_status":"closed","ping_status":"closed","template":"elementor_header_footer","meta":{"_monsterinsights_skip_tracking":false,"_monsterinsights_sitenote_active":false,"_monsterinsights_sitenote_note":"","_monsterinsights_sitenote_category":0,"ocean_post_layout":"","ocean_both_sidebars_style":"","ocean_both_sidebars_content_width":0,"ocean_both_sidebars_sidebars_width":0,"ocean_sidebar":"0","ocean_second_sidebar":"0","ocean_disable_margins":"enable","ocean_add_body_class":"","ocean_shortcode_before_top_bar":"","ocean_shortcode_after_top_bar":"","ocean_shortcode_before_header":"","ocean_shortcode_after_header":"","ocean_has_shortcode":"","ocean_shortcode_after_title":"","ocean_shortcode_before_footer_widgets":"","ocean_shortcode_after_footer_widgets":"","ocean_shortcode_before_footer_bottom":"","ocean_shortcode_after_footer_bottom":"","ocean_display_top_bar":"off","ocean_display_header":"on","ocean_header_style":"minimal","ocean_center_header_left_menu":"0","ocean_custom_header_template":"0","ocean_custom_logo":248,"ocean_custom_retina_logo":0,"ocean_custom_logo_max_width":0,"ocean_custom_logo_tablet_max_width":0,"ocean_custom_logo_mobile_max_width":0,"ocean_custom_logo_max_height":0,"ocean_custom_logo_tablet_max_height":0,"ocean_custom_logo_mobile_max_height":0,"ocean_header_custom_menu":"0","ocean_menu_typo_font_family":"0","ocean_menu_typo_font_subset":"","ocean_menu_typo_font_size":0,"ocean_menu_typo_font_size_tablet":0,"ocean_menu_typo_font_size_mobile":0,"ocean_menu_typo_font_size_unit":"px","ocean_menu_typo_font_weight":"","ocean_menu_typo_font_weight_tablet":"","ocean_menu_typo_font_weight_mobile":"","ocean_menu_typo_transform":"","ocean_menu_typo_transform_tablet":"","ocean_menu_typo_transform_mobile":"","ocean_menu_typo_line_height":0,"ocean_menu_typo_line_height_tablet":0,"ocean_menu_typo_line_height_mobile":0,"ocean_menu_typo_line_height_unit":"","ocean_menu_typo_spacing":0,"ocean_menu_typo_spacing_tablet":0,"ocean_menu_typo_spacing_mobile":0,"ocean_menu_typo_spacing_unit":"","ocean_menu_link_color":"#000000","ocean_menu_link_color_hover":"","ocean_menu_link_color_active":"","ocean_menu_link_background":"","ocean_menu_link_hover_background":"","ocean_menu_link_active_background":"","ocean_menu_social_links_bg":"","ocean_menu_social_hover_links_bg":"","ocean_menu_social_links_color":"","ocean_menu_social_hover_links_color":"","ocean_disable_title":"on","ocean_disable_heading":"default","ocean_post_title":"","ocean_post_subheading":"","ocean_post_title_style":"","ocean_post_title_background_color":"","ocean_post_title_background":0,"ocean_post_title_bg_image_position":"","ocean_post_title_bg_image_attachment":"","ocean_post_title_bg_image_repeat":"","ocean_post_title_bg_image_size":"","ocean_post_title_height":0,"ocean_post_title_bg_overlay":0.5,"ocean_post_title_bg_overlay_color":"","ocean_disable_breadcrumbs":"default","ocean_breadcrumbs_color":"","ocean_breadcrumbs_separator_color":"","ocean_breadcrumbs_links_color":"","ocean_breadcrumbs_links_hover_color":"","ocean_display_footer_widgets":"default","ocean_display_footer_bottom":"default","ocean_custom_footer_template":"0","footnotes":""},"class_list":["post-2748","page","type-page","status-publish","hentry","entry"],"_links":{"self":[{"href":"https:\/\/virtus.edu.al\/en\/wp-json\/wp\/v2\/pages\/2748","targetHints":{"allow":["GET"]}}],"collection":[{"href":"https:\/\/virtus.edu.al\/en\/wp-json\/wp\/v2\/pages"}],"about":[{"href":"https:\/\/virtus.edu.al\/en\/wp-json\/wp\/v2\/types\/page"}],"author":[{"embeddable":true,"href":"https:\/\/virtus.edu.al\/en\/wp-json\/wp\/v2\/users\/5"}],"replies":[{"embeddable":true,"href":"https:\/\/virtus.edu.al\/en\/wp-json\/wp\/v2\/comments?post=2748"}],"version-history":[{"count":52,"href":"https:\/\/virtus.edu.al\/en\/wp-json\/wp\/v2\/pages\/2748\/revisions"}],"predecessor-version":[{"id":2806,"href":"https:\/\/virtus.edu.al\/en\/wp-json\/wp\/v2\/pages\/2748\/revisions\/2806"}],"wp:attachment":[{"href":"https:\/\/virtus.edu.al\/en\/wp-json\/wp\/v2\/media?parent=2748"}],"curies":[{"name":"wp","href":"https:\/\/api.w.org\/{rel}","templated":true}]}}