{"id":192,"date":"2021-11-08T15:04:27","date_gmt":"2021-11-08T15:04:27","guid":{"rendered":"https:\/\/virtus.edu.al\/?page_id=192"},"modified":"2025-02-26T10:55:51","modified_gmt":"2025-02-26T09:55:51","slug":"programe-nderkombetare","status":"publish","type":"page","link":"https:\/\/virtus.edu.al\/en\/programe-nderkombetare\/","title":{"rendered":"International Programs"},"content":{"rendered":"<div data-elementor-type=\"wp-page\" data-elementor-id=\"192\" class=\"elementor elementor-192\" data-elementor-post-type=\"page\">\n\t\t\t\t\t\t<section class=\"elementor-section elementor-top-section elementor-element elementor-element-3b85302 elementor-section-boxed elementor-section-height-default elementor-section-height-default\" data-id=\"3b85302\" data-element_type=\"section\">\n\t\t\t\t\t\t<div class=\"elementor-container elementor-column-gap-default\">\n\t\t\t\t\t<div class=\"elementor-column elementor-col-100 elementor-top-column elementor-element elementor-element-3930d01\" data-id=\"3930d01\" data-element_type=\"column\">\n\t\t\t<div class=\"elementor-widget-wrap elementor-element-populated\">\n\t\t\t\t\t\t<div class=\"elementor-element elementor-element-d8acc98 elementor-widget elementor-widget-spacer\" data-id=\"d8acc98\" data-element_type=\"widget\" data-widget_type=\"spacer.default\">\n\t\t\t\t<div class=\"elementor-widget-container\">\n\t\t\t\t\t<div class=\"elementor-spacer\">\n\t\t\t<div class=\"elementor-spacer-inner\"><\/div>\n\t\t<\/div>\n\t\t\t\t<\/div>\n\t\t\t\t<\/div>\n\t\t\t\t\t<\/div>\n\t\t<\/div>\n\t\t\t\t\t<\/div>\n\t\t<\/section>\n\t\t\t\t<section class=\"elementor-section elementor-top-section elementor-element elementor-element-f98e7fd elementor-section-boxed elementor-section-height-default elementor-section-height-default\" data-id=\"f98e7fd\" data-element_type=\"section\">\n\t\t\t\t\t\t<div class=\"elementor-container elementor-column-gap-default\">\n\t\t\t\t\t<div class=\"elementor-column elementor-col-50 elementor-top-column elementor-element elementor-element-7e46d75\" data-id=\"7e46d75\" data-element_type=\"column\" data-settings=\"{&quot;background_background&quot;:&quot;classic&quot;}\">\n\t\t\t<div class=\"elementor-widget-wrap elementor-element-populated\">\n\t\t\t\t\t\t<div class=\"elementor-element elementor-element-70c9c2d elementor-widget elementor-widget-heading\" data-id=\"70c9c2d\" data-element_type=\"widget\" data-widget_type=\"heading.default\">\n\t\t\t\t<div class=\"elementor-widget-container\">\n\t\t\t<h1 class=\"elementor-heading-title elementor-size-default\">GCSE<\/h1>\t\t<\/div>\n\t\t\t\t<\/div>\n\t\t\t\t<div class=\"elementor-element elementor-element-5f0a3a7 elementor-widget elementor-widget-text-editor\" data-id=\"5f0a3a7\" data-element_type=\"widget\" data-widget_type=\"text-editor.default\">\n\t\t\t\t<div class=\"elementor-widget-container\">\n\t\t\t\t\t\t\t<ul><li><span style=\"color: #002e6d;\">GCSE is suitable for all students of grades 9 and 10.<\/span><\/li><li><span style=\"color: #002e6d;\">Through this course, students will build strong foundations on their further studies of A-Level programmes.<\/span><\/li><li><span style=\"color: #002e6d;\">The subjects that are offered in this programme are Mathematics, Physics, Biology, Chemistry, Computer Science, Economics and the Arts.<\/span><\/li><\/ul>\t\t\t\t\t\t<\/div>\n\t\t\t\t<\/div>\n\t\t\t\t<section class=\"elementor-section elementor-inner-section elementor-element elementor-element-5e309db elementor-section-boxed elementor-section-height-default elementor-section-height-default\" data-id=\"5e309db\" data-element_type=\"section\">\n\t\t\t\t\t\t<div class=\"elementor-container elementor-column-gap-default\">\n\t\t\t\t\t<div class=\"elementor-column elementor-col-100 elementor-inner-column elementor-element elementor-element-55e8ef8\" data-id=\"55e8ef8\" data-element_type=\"column\">\n\t\t\t<div class=\"elementor-widget-wrap elementor-element-populated\">\n\t\t\t\t\t\t<div class=\"elementor-element elementor-element-ed6f84f elementor-align-left elementor-widget elementor-widget-button\" data-id=\"ed6f84f\" data-element_type=\"widget\" data-widget_type=\"button.default\">\n\t\t\t\t<div class=\"elementor-widget-container\">\n\t\t\t\t\t<div class=\"elementor-button-wrapper\">\n\t\t\t<a class=\"elementor-button elementor-button-link elementor-size-sm\" href=\"https:\/\/virtus.edu.al\/en\/#contact\">\n\t\t\t\t\t\t<span class=\"elementor-button-content-wrapper\">\n\t\t\t\t\t\t\t\t\t<span class=\"elementor-button-text\">Reserve Meeting<\/span>\n\t\t\t\t\t<\/span>\n\t\t\t\t\t<\/a>\n\t\t<\/div>\n\t\t\t\t<\/div>\n\t\t\t\t<\/div>\n\t\t\t\t\t<\/div>\n\t\t<\/div>\n\t\t\t\t\t<\/div>\n\t\t<\/section>\n\t\t\t\t<div class=\"elementor-element elementor-element-a29d212 elementor-widget elementor-widget-image\" data-id=\"a29d212\" data-element_type=\"widget\" id=\"img-gcse\" data-widget_type=\"image.default\">\n\t\t\t\t<div class=\"elementor-widget-container\">\n\t\t\t\t\t\t\t\t\t\t\t\t\t<img fetchpriority=\"high\" decoding=\"async\" width=\"1920\" height=\"1080\" src=\"https:\/\/virtus.edu.al\/wp-content\/uploads\/2023\/12\/Foto-ne-vend-te-klaudias-100.jpg\" class=\"attachment-full size-full wp-image-2244\" alt=\"K\u00ebshilla p\u00ebr provimet e matur\u00ebs\" srcset=\"https:\/\/virtus.edu.al\/wp-content\/uploads\/2023\/12\/Foto-ne-vend-te-klaudias-100.jpg 1920w, https:\/\/virtus.edu.al\/wp-content\/uploads\/2023\/12\/Foto-ne-vend-te-klaudias-100-300x169.jpg 300w, https:\/\/virtus.edu.al\/wp-content\/uploads\/2023\/12\/Foto-ne-vend-te-klaudias-100-1024x576.jpg 1024w, https:\/\/virtus.edu.al\/wp-content\/uploads\/2023\/12\/Foto-ne-vend-te-klaudias-100-768x432.jpg 768w, https:\/\/virtus.edu.al\/wp-content\/uploads\/2023\/12\/Foto-ne-vend-te-klaudias-100-1536x864.jpg 1536w, https:\/\/virtus.edu.al\/wp-content\/uploads\/2023\/12\/Foto-ne-vend-te-klaudias-100-18x10.jpg 18w\" sizes=\"(max-width: 1920px) 100vw, 1920px\" \/>\t\t\t\t\t\t\t\t\t\t\t\t\t<\/div>\n\t\t\t\t<\/div>\n\t\t\t\t<div class=\"elementor-element elementor-element-2c93be3 elementor-widget elementor-widget-text-editor\" data-id=\"2c93be3\" data-element_type=\"widget\" data-widget_type=\"text-editor.default\">\n\t\t\t\t<div class=\"elementor-widget-container\">\n\t\t\t\t\t\t\t<p><span style=\"color: #002E6D;\">The GCSE program offers an integrated curriculum to maximise learning benefits. During this course, students can explore different subjects and lay a strong foundation for their further studies in the A-level program. The subjects offered are mathematics, physics, chemistry, biology, computer science, economics, and the arts. The lesson is also conducted in English with teachers who are specialised and have long experience in this program.<\/span><\/p>\t\t\t\t\t\t<\/div>\n\t\t\t\t<\/div>\n\t\t\t\t\t<\/div>\n\t\t<\/div>\n\t\t\t\t<div class=\"elementor-column elementor-col-50 elementor-top-column elementor-element elementor-element-487bdaf\" data-id=\"487bdaf\" data-element_type=\"column\" data-settings=\"{&quot;background_background&quot;:&quot;classic&quot;}\">\n\t\t\t<div class=\"elementor-widget-wrap elementor-element-populated\">\n\t\t\t\t\t\t<div class=\"elementor-element elementor-element-4c5a111 elementor-widget elementor-widget-heading\" data-id=\"4c5a111\" data-element_type=\"widget\" data-widget_type=\"heading.default\">\n\t\t\t\t<div class=\"elementor-widget-container\">\n\t\t\t<h2 class=\"elementor-heading-title elementor-size-default\">A-Level<\/h2>\t\t<\/div>\n\t\t\t\t<\/div>\n\t\t\t\t<div class=\"elementor-element elementor-element-c3d0e9f elementor-widget elementor-widget-text-editor\" data-id=\"c3d0e9f\" data-element_type=\"widget\" data-widget_type=\"text-editor.default\">\n\t\t\t\t<div class=\"elementor-widget-container\">\n\t\t\t\t\t\t\t<ul>\n \t<li><span style=\"color: #002E6D;\">A-Level programs focus on preparing students for higher university studies, which include theoretical and laboratory classes.<\/span><\/li>\n \t<li><span style=\"color: #002E6D;\">These programmes are suitable for 11th grade and 12th grade students<\/span><\/li>\n \t<li><span style=\"color: #002E6D;\">Virtus offers preparation in subjects such as Mathematics, Advanced Math, Physics, Chemistry, Biology, Computer Science, Economics and the Arts.<\/span><\/li>\n<\/ul>\t\t\t\t\t\t<\/div>\n\t\t\t\t<\/div>\n\t\t\t\t<section class=\"elementor-section elementor-inner-section elementor-element elementor-element-26ca36b elementor-section-boxed elementor-section-height-default elementor-section-height-default\" data-id=\"26ca36b\" data-element_type=\"section\">\n\t\t\t\t\t\t<div class=\"elementor-container elementor-column-gap-default\">\n\t\t\t\t\t<div class=\"elementor-column elementor-col-100 elementor-inner-column elementor-element elementor-element-ff1e9ad\" data-id=\"ff1e9ad\" data-element_type=\"column\">\n\t\t\t<div class=\"elementor-widget-wrap elementor-element-populated\">\n\t\t\t\t\t\t<div class=\"elementor-element elementor-element-883986b elementor-align-left elementor-widget elementor-widget-button\" data-id=\"883986b\" data-element_type=\"widget\" data-widget_type=\"button.default\">\n\t\t\t\t<div class=\"elementor-widget-container\">\n\t\t\t\t\t<div class=\"elementor-button-wrapper\">\n\t\t\t<a class=\"elementor-button elementor-button-link elementor-size-sm\" href=\"https:\/\/virtus.edu.al\/en\/#contact\">\n\t\t\t\t\t\t<span class=\"elementor-button-content-wrapper\">\n\t\t\t\t\t\t\t\t\t<span class=\"elementor-button-text\">Reserve Meeting<\/span>\n\t\t\t\t\t<\/span>\n\t\t\t\t\t<\/a>\n\t\t<\/div>\n\t\t\t\t<\/div>\n\t\t\t\t<\/div>\n\t\t\t\t\t<\/div>\n\t\t<\/div>\n\t\t\t\t\t<\/div>\n\t\t<\/section>\n\t\t\t\t<div class=\"elementor-element elementor-element-f5013ee elementor-widget elementor-widget-image\" data-id=\"f5013ee\" data-element_type=\"widget\" data-widget_type=\"image.default\">\n\t\t\t\t<div class=\"elementor-widget-container\">\n\t\t\t\t\t\t\t\t\t\t\t\t\t<img decoding=\"async\" width=\"1024\" height=\"576\" src=\"https:\/\/virtus.edu.al\/wp-content\/uploads\/2023\/12\/prof-web-foto-100-1024x576.jpg\" class=\"attachment-large size-large wp-image-2439\" alt=\"\" srcset=\"https:\/\/virtus.edu.al\/wp-content\/uploads\/2023\/12\/prof-web-foto-100-1024x576.jpg 1024w, https:\/\/virtus.edu.al\/wp-content\/uploads\/2023\/12\/prof-web-foto-100-300x169.jpg 300w, https:\/\/virtus.edu.al\/wp-content\/uploads\/2023\/12\/prof-web-foto-100-768x432.jpg 768w, https:\/\/virtus.edu.al\/wp-content\/uploads\/2023\/12\/prof-web-foto-100-1536x864.jpg 1536w, https:\/\/virtus.edu.al\/wp-content\/uploads\/2023\/12\/prof-web-foto-100-18x10.jpg 18w, https:\/\/virtus.edu.al\/wp-content\/uploads\/2023\/12\/prof-web-foto-100.jpg 1920w\" sizes=\"(max-width: 1024px) 100vw, 1024px\" \/>\t\t\t\t\t\t\t\t\t\t\t\t\t<\/div>\n\t\t\t\t<\/div>\n\t\t\t\t<div class=\"elementor-element elementor-element-3d3c4e2 elementor-widget elementor-widget-text-editor\" data-id=\"3d3c4e2\" data-element_type=\"widget\" data-widget_type=\"text-editor.default\">\n\t\t\t\t<div class=\"elementor-widget-container\">\n\t\t\t\t\t\t\t<span style=\"color: #002E6D\">A-Level programs focus on preparation of the students for their university studies and offer theoretical and practical preparation. Our academic staff guides the students to develop various strategies which help the students become familiar with the way of testing in international universities and maximize their results in upcoming tests that take place at the end of each programme.<\/span>\t\t\t\t\t\t<\/div>\n\t\t\t\t<\/div>\n\t\t\t\t\t<\/div>\n\t\t<\/div>\n\t\t\t\t\t<\/div>\n\t\t<\/section>\n\t\t\t\t<section class=\"elementor-section elementor-top-section elementor-element elementor-element-b6cdcf5 elementor-section-boxed elementor-section-height-default elementor-section-height-default\" data-id=\"b6cdcf5\" data-element_type=\"section\">\n\t\t\t\t\t\t<div class=\"elementor-container elementor-column-gap-default\">\n\t\t\t\t\t<div class=\"elementor-column elementor-col-100 elementor-top-column elementor-element elementor-element-0771f34\" data-id=\"0771f34\" data-element_type=\"column\">\n\t\t\t<div class=\"elementor-widget-wrap elementor-element-populated\">\n\t\t\t\t\t\t<div class=\"elementor-element elementor-element-80ac95a elementor-widget elementor-widget-spacer\" data-id=\"80ac95a\" data-element_type=\"widget\" data-widget_type=\"spacer.default\">\n\t\t\t\t<div class=\"elementor-widget-container\">\n\t\t\t\t\t<div class=\"elementor-spacer\">\n\t\t\t<div class=\"elementor-spacer-inner\"><\/div>\n\t\t<\/div>\n\t\t\t\t<\/div>\n\t\t\t\t<\/div>\n\t\t\t\t\t<\/div>\n\t\t<\/div>\n\t\t\t\t\t<\/div>\n\t\t<\/section>\n\t\t\t\t<\/div>","protected":false},"excerpt":{"rendered":"<p>Programi GCSE Programi GCSE \u00ebsht\u00eb i p\u00ebrshtatsh\u00ebm p\u00ebr nx\u00ebn\u00ebsit e klasave te 9-ta dhe t\u00eb 10-ta. Nx\u00ebn\u00ebsit hedhin baza t\u00eb forta n\u00eb studimet e tyre n\u00eb programin A-Level. L\u00ebnd\u00ebt q\u00eb ofrohen jan\u00eb matematik\u00eb, fizik\u00eb , kimi, biologji, shkenca kompjuterike, ekonomi dhe arte. Rezervo Takim Programi GCSE ofron nj\u00eb kurrikul t\u00eb integruar p\u00ebr t\u00eb maksimizuar p\u00ebrfitimet [&hellip;]<\/p>","protected":false},"author":5,"featured_media":0,"parent":0,"menu_order":0,"comment_status":"closed","ping_status":"closed","template":"elementor_header_footer","meta":{"_monsterinsights_skip_tracking":false,"_monsterinsights_sitenote_active":false,"_monsterinsights_sitenote_note":"","_monsterinsights_sitenote_category":0,"ocean_post_layout":"","ocean_both_sidebars_style":"","ocean_both_sidebars_content_width":0,"ocean_both_sidebars_sidebars_width":0,"ocean_sidebar":"0","ocean_second_sidebar":"0","ocean_disable_margins":"enable","ocean_add_body_class":"","ocean_shortcode_before_top_bar":"","ocean_shortcode_after_top_bar":"","ocean_shortcode_before_header":"","ocean_shortcode_after_header":"","ocean_has_shortcode":"","ocean_shortcode_after_title":"","ocean_shortcode_before_footer_widgets":"","ocean_shortcode_after_footer_widgets":"","ocean_shortcode_before_footer_bottom":"","ocean_shortcode_after_footer_bottom":"","ocean_display_top_bar":"off","ocean_display_header":"on","ocean_header_style":"minimal","ocean_center_header_left_menu":"0","ocean_custom_header_template":"0","ocean_custom_logo":248,"ocean_custom_retina_logo":0,"ocean_custom_logo_max_width":0,"ocean_custom_logo_tablet_max_width":0,"ocean_custom_logo_mobile_max_width":0,"ocean_custom_logo_max_height":0,"ocean_custom_logo_tablet_max_height":0,"ocean_custom_logo_mobile_max_height":0,"ocean_header_custom_menu":"0","ocean_menu_typo_font_family":"0","ocean_menu_typo_font_subset":"","ocean_menu_typo_font_size":0,"ocean_menu_typo_font_size_tablet":0,"ocean_menu_typo_font_size_mobile":0,"ocean_menu_typo_font_size_unit":"px","ocean_menu_typo_font_weight":"","ocean_menu_typo_font_weight_tablet":"","ocean_menu_typo_font_weight_mobile":"","ocean_menu_typo_transform":"","ocean_menu_typo_transform_tablet":"","ocean_menu_typo_transform_mobile":"","ocean_menu_typo_line_height":0,"ocean_menu_typo_line_height_tablet":0,"ocean_menu_typo_line_height_mobile":0,"ocean_menu_typo_line_height_unit":"","ocean_menu_typo_spacing":0,"ocean_menu_typo_spacing_tablet":0,"ocean_menu_typo_spacing_mobile":0,"ocean_menu_typo_spacing_unit":"","ocean_menu_link_color":"#000000","ocean_menu_link_color_hover":"","ocean_menu_link_color_active":"","ocean_menu_link_background":"","ocean_menu_link_hover_background":"","ocean_menu_link_active_background":"","ocean_menu_social_links_bg":"","ocean_menu_social_hover_links_bg":"","ocean_menu_social_links_color":"","ocean_menu_social_hover_links_color":"","ocean_disable_title":"on","ocean_disable_heading":"default","ocean_post_title":"","ocean_post_subheading":"","ocean_post_title_style":"","ocean_post_title_background_color":"","ocean_post_title_background":0,"ocean_post_title_bg_image_position":"","ocean_post_title_bg_image_attachment":"","ocean_post_title_bg_image_repeat":"","ocean_post_title_bg_image_size":"","ocean_post_title_height":0,"ocean_post_title_bg_overlay":0.5,"ocean_post_title_bg_overlay_color":"","ocean_disable_breadcrumbs":"default","ocean_breadcrumbs_color":"","ocean_breadcrumbs_separator_color":"","ocean_breadcrumbs_links_color":"","ocean_breadcrumbs_links_hover_color":"","ocean_display_footer_widgets":"default","ocean_display_footer_bottom":"default","ocean_custom_footer_template":"0","footnotes":""},"class_list":["post-192","page","type-page","status-publish","hentry","entry"],"_links":{"self":[{"href":"https:\/\/virtus.edu.al\/en\/wp-json\/wp\/v2\/pages\/192","targetHints":{"allow":["GET"]}}],"collection":[{"href":"https:\/\/virtus.edu.al\/en\/wp-json\/wp\/v2\/pages"}],"about":[{"href":"https:\/\/virtus.edu.al\/en\/wp-json\/wp\/v2\/types\/page"}],"author":[{"embeddable":true,"href":"https:\/\/virtus.edu.al\/en\/wp-json\/wp\/v2\/users\/5"}],"replies":[{"embeddable":true,"href":"https:\/\/virtus.edu.al\/en\/wp-json\/wp\/v2\/comments?post=192"}],"version-history":[{"count":136,"href":"https:\/\/virtus.edu.al\/en\/wp-json\/wp\/v2\/pages\/192\/revisions"}],"predecessor-version":[{"id":2927,"href":"https:\/\/virtus.edu.al\/en\/wp-json\/wp\/v2\/pages\/192\/revisions\/2927"}],"wp:attachment":[{"href":"https:\/\/virtus.edu.al\/en\/wp-json\/wp\/v2\/media?parent=192"}],"curies":[{"name":"wp","href":"https:\/\/api.w.org\/{rel}","templated":true}]}}